{"id":80,"date":"2024-02-23T11:03:41","date_gmt":"2024-02-23T10:03:41","guid":{"rendered":"https:\/\/corner-st.hu\/?page_id=80"},"modified":"2025-02-19T13:08:51","modified_gmt":"2025-02-19T12:08:51","slug":"cimunk-elerhetosegeink","status":"publish","type":"page","link":"https:\/\/corner-st.hu\/?page_id=80","title":{"rendered":"C\u00edm\u00fcnk, el\u00e9rhet\u0151s\u00e9geink"},"content":{"rendered":"\t\t<div data-elementor-type=\"wp-page\" data-elementor-id=\"80\" class=\"elementor elementor-80\">\n\t\t\t\t<div class=\"elementor-element elementor-element-dc60a5a e-flex e-con-boxed e-con e-parent\" data-id=\"dc60a5a\" data-element_type=\"container\" data-core-v316-plus=\"true\">\n\t\t\t\t\t<div class=\"e-con-inner\">\n\t\t<div class=\"elementor-element elementor-element-9f17db1 e-con-full e-flex e-con e-child\" data-id=\"9f17db1\" data-element_type=\"container\">\n\t\t\t\t<div class=\"elementor-element elementor-element-fc107da elementor-widget elementor-widget-text-editor\" data-id=\"fc107da\" data-element_type=\"widget\" data-widget_type=\"text-editor.default\">\n\t\t\t\t<div class=\"elementor-widget-container\">\n\t\t\t<style>\/*! elementor - v3.20.0 - 26-03-2024 *\/\n.elementor-widget-text-editor.elementor-drop-cap-view-stacked .elementor-drop-cap{background-color:#69727d;color:#fff}.elementor-widget-text-editor.elementor-drop-cap-view-framed .elementor-drop-cap{color:#69727d;border:3px solid;background-color:transparent}.elementor-widget-text-editor:not(.elementor-drop-cap-view-default) .elementor-drop-cap{margin-top:8px}.elementor-widget-text-editor:not(.elementor-drop-cap-view-default) .elementor-drop-cap-letter{width:1em;height:1em}.elementor-widget-text-editor .elementor-drop-cap{float:left;text-align:center;line-height:1;font-size:50px}.elementor-widget-text-editor .elementor-drop-cap-letter{display:inline-block}<\/style>\t\t\t\t<p>ASZTALFOGLAL\u00c1S, <br \/>INFORM\u00c1CI\u00d3:<br \/><strong>+36 70 740 0088<\/strong><\/p><p>3100 Salg\u00f3tarj\u00e1n, F\u00fcleki \u00fat 2.<\/p><p>info@corner-st.hu<\/p><p><a href=\"http:\/\/instagram.com\/cornerbar_kitchen\">instagram.com\/<strong>cornerbar_kitchen<\/strong><\/a><\/p><p><a href=\"http:\/\/facebook.com\/CornerSalgotarjan\">facebook.com\/<strong>CornerSalgotarjan<\/strong><\/a><\/p>\t\t\t\t\t\t<\/div>\n\t\t\t\t<\/div>\n\t\t\t\t<\/div>\n\t\t<div class=\"elementor-element elementor-element-ae9b23e e-con-full e-flex e-con e-child\" data-id=\"ae9b23e\" data-element_type=\"container\">\n\t\t\t\t<div class=\"elementor-element elementor-element-0e67d74 elementor-widget elementor-widget-google_maps\" data-id=\"0e67d74\" data-element_type=\"widget\" data-widget_type=\"google_maps.default\">\n\t\t\t\t<div class=\"elementor-widget-container\">\n\t\t\t<style>\/*! elementor - v3.20.0 - 26-03-2024 *\/\n.elementor-widget-google_maps .elementor-widget-container{overflow:hidden}.elementor-widget-google_maps .elementor-custom-embed{line-height:0}.elementor-widget-google_maps iframe{height:300px}<\/style>\t\t<div class=\"elementor-custom-embed\">\n\t\t\t<iframe loading=\"lazy\"\n\t\t\t\t\tsrc=\"https:\/\/maps.google.com\/maps?q=3100%20Salg%C3%B3tarj%C3%A1n%2C%20F%C3%BCleki%20%C3%BAt%202.&#038;t=m&#038;z=15&#038;output=embed&#038;iwloc=near\"\n\t\t\t\t\ttitle=\"3100 Salg\u00f3tarj\u00e1n, F\u00fcleki \u00fat 2.\"\n\t\t\t\t\taria-label=\"3100 Salg\u00f3tarj\u00e1n, F\u00fcleki \u00fat 2.\"\n\t\t\t><\/iframe>\n\t\t<\/div>\n\t\t\t\t<\/div>\n\t\t\t\t<\/div>\n\t\t\t\t<\/div>\n\t\t\t\t\t<\/div>\n\t\t\t\t<\/div>\n\t\t<div class=\"elementor-element elementor-element-f1164fa e-flex e-con-boxed e-con e-parent\" data-id=\"f1164fa\" data-element_type=\"container\" data-core-v316-plus=\"true\">\n\t\t\t\t\t<div class=\"e-con-inner\">\n\t\t\t\t<div class=\"elementor-element elementor-element-72995c9 elementor-widget elementor-widget-text-editor\" data-id=\"72995c9\" data-element_type=\"widget\" data-widget_type=\"text-editor.default\">\n\t\t\t\t<div class=\"elementor-widget-container\">\n\t\t\t\t\t\t\t<p>NYITVATART\u00c1S:<\/p><p>H\u00e9tf\u0151: Z\u00e1rva<br \/>Kedd: Z\u00e1rva<br \/>Szerda: 11:30-22:00<br \/>Cs\u00fct\u00f6rt\u00f6k: 11:30-22:00<br \/>P\u00e9ntek: 11:30-00:00<br \/>Szombat: 11:30-00:00<br \/>Vas\u00e1rnap: 11:30-17:00<\/p>\t\t\t\t\t\t<\/div>\n\t\t\t\t<\/div>\n\t\t\t\t\t<\/div>\n\t\t\t\t<\/div>\n\t\t\t\t<\/div>\n\t\t","protected":false},"excerpt":{"rendered":"<p>ASZTALFOGLAL\u00c1S, INFORM\u00c1CI\u00d3:+36 70 740 0088 3100 Salg\u00f3tarj\u00e1n, F\u00fcleki \u00fat 2. info@corner-st.hu instagram.com\/cornerbar_kitchen facebook.com\/CornerSalgotarjan NYITVATART\u00c1S: H\u00e9tf\u0151: Z\u00e1rvaKedd: Z\u00e1rvaSzerda: 11:30-22:00Cs\u00fct\u00f6rt\u00f6k: 11:30-22:00P\u00e9ntek: 11:30-00:00Szombat: 11:30-00:00Vas\u00e1rnap: 11:30-17:00<\/p>\n","protected":false},"author":1,"featured_media":0,"parent":0,"menu_order":0,"comment_status":"closed","ping_status":"closed","template":"","meta":{"footnotes":""},"class_list":["post-80","page","type-page","status-publish","hentry"],"_links":{"self":[{"href":"https:\/\/corner-st.hu\/index.php?rest_route=\/wp\/v2\/pages\/80","targetHints":{"allow":["GET"]}}],"collection":[{"href":"https:\/\/corner-st.hu\/index.php?rest_route=\/wp\/v2\/pages"}],"about":[{"href":"https:\/\/corner-st.hu\/index.php?rest_route=\/wp\/v2\/types\/page"}],"author":[{"embeddable":true,"href":"https:\/\/corner-st.hu\/index.php?rest_route=\/wp\/v2\/users\/1"}],"replies":[{"embeddable":true,"href":"https:\/\/corner-st.hu\/index.php?rest_route=%2Fwp%2Fv2%2Fcomments&post=80"}],"version-history":[{"count":22,"href":"https:\/\/corner-st.hu\/index.php?rest_route=\/wp\/v2\/pages\/80\/revisions"}],"predecessor-version":[{"id":492,"href":"https:\/\/corner-st.hu\/index.php?rest_route=\/wp\/v2\/pages\/80\/revisions\/492"}],"wp:attachment":[{"href":"https:\/\/corner-st.hu\/index.php?rest_route=%2Fwp%2Fv2%2Fmedia&parent=80"}],"curies":[{"name":"wp","href":"https:\/\/api.w.org\/{rel}","templated":true}]}}